{"id":20465,"date":"2021-02-12T15:51:47","date_gmt":"2021-02-12T14:51:47","guid":{"rendered":"https:\/\/testeo-criollo.desarrollobirdcom.es\/nosotros\/"},"modified":"2021-05-23T19:58:14","modified_gmt":"2021-05-23T18:58:14","slug":"ens","status":"publish","type":"page","link":"https:\/\/testeo-criollo.desarrollobirdcom.es\/ca\/ens\/","title":{"rendered":"Ens"},"content":{"rendered":"\n<h2 class=\"wp-block-heading\">Cafeteries el Criollo<\/h2>\n\n\n\n<p>Som la quarta generaci\u00f3 de l\u2019empresa familiar Caf\u00e9s El Criollo, m\u00e9s de 100 anys d\u2019hist\u00f2ria en qu\u00e8 hem anat descobrint els secrets del caf\u00e8 i transmetent-los de generaci\u00f3 en generaci\u00f3.<\/p>\n\n\n\n<h3 class=\"wp-block-heading\">Una hist\u00f2ria de qualitat, transmesa generaci\u00f3 rere generaci\u00f3.<\/h3>\n\n\n\n<p>Del que va comen\u00e7ar com una petita botiga de queviures i colonials al segle XIX, al carrer Santiago N\u00ba 20 de Saragossa, on es venien tot tipus d\u2019articles i tamb\u00e9 caf\u00e8 verd, sense torrar, passant per la decisi\u00f3 de registrar la nostra marca el 1910 donada l\u2019\u00e8xit que els nostres primers caf\u00e8s ja rostits es venien; a l\u2019abocador de caf\u00e8 ens hem convertit avui en dia, oferint un caf\u00e8 d\u2019alta qualitat per al sector de l\u2019hostaleria i l\u2019alimentaci\u00f3 especialitzada.<\/p>\n\n\n<div class=\"gb-container gb-container-217c2c0d\"><div class=\"gb-inside-container\">\n<div class=\"gb-grid-wrapper gb-grid-wrapper-bd9ca724 cajanaranja\">\n<div class=\"gb-grid-column gb-grid-column-4eadc225\"><div class=\"gb-container gb-container-4eadc225\"><div class=\"gb-inside-container\">\n\n<div class=\"wp-block-image\"><figure class=\"alignleft size-large\"><img fetchpriority=\"high\" decoding=\"async\" width=\"800\" height=\"600\" src=\"https:\/\/testeo-criollo.desarrollobirdcom.es\/wp-content\/uploads\/2021\/02\/fabrica_el_criollo.jpg\" alt=\"f\u00e1brica de caf\u00e9s el Criollo\" class=\"wp-image-20281\" srcset=\"https:\/\/testeo-criollo.desarrollobirdcom.es\/wp-content\/uploads\/2021\/02\/fabrica_el_criollo.jpg 800w, https:\/\/testeo-criollo.desarrollobirdcom.es\/wp-content\/uploads\/2021\/02\/fabrica_el_criollo-170x128.jpg 170w, https:\/\/testeo-criollo.desarrollobirdcom.es\/wp-content\/uploads\/2021\/02\/fabrica_el_criollo-600x450.jpg 600w, https:\/\/testeo-criollo.desarrollobirdcom.es\/wp-content\/uploads\/2021\/02\/fabrica_el_criollo-300x225.jpg 300w, https:\/\/testeo-criollo.desarrollobirdcom.es\/wp-content\/uploads\/2021\/02\/fabrica_el_criollo-768x576.jpg 768w\" sizes=\"(max-width: 800px) 100vw, 800px\" \/><\/figure><\/div>\n\n<\/div><\/div><\/div>\n\n<div class=\"gb-grid-column gb-grid-column-f9ba5ece\"><div class=\"gb-container gb-container-f9ba5ece\"><div class=\"gb-inside-container\">\n\n<p>Les nostres especialitats s\u00f3n la selecci\u00f3 de caf\u00e8s de les millors finques del m\u00f3n i les seves torrades naturals i tradicionals, les m\u00e9s \u00f2ptimes per mantenir les aromes i sabors t\u00edpics de cadascun dels or\u00edgens del caf\u00e8 amb els quals treballem. El nostre ampli coneixement del caf\u00e8 ens ha perm\u00e8s desenvolupar les nostres pr\u00f2pies mescles, les mescles m\u00e9s adequades amb les quals podem garantir un excel\u00b7lent resultat amb el qual gaudir d\u2019una bona tassa de caf\u00e8.<\/p>\n\n\n\n<p>Una gesti\u00f3 transparent, eficient i responsable s\u00f3n els valors que ens defineixen, ara tamb\u00e9 empresarials, socialment i acreditats amb el medi ambient.<\/p>\n\n<\/div><\/div><\/div>\n<\/div>\n<\/div><\/div>\n\n<div class=\"gb-grid-wrapper gb-grid-wrapper-6aa2c985 contenedor_separado\">\n<div class=\"gb-grid-column gb-grid-column-6acf2a1f\"><div class=\"gb-container gb-container-6acf2a1f\"><div class=\"gb-inside-container\">\n\n<p>A trav\u00e9s de diferents iniciatives, a Caf\u00e9s El Criollo transmetem la nostra experi\u00e8ncia en el coneixement del caf\u00e8, formant permanentment professionals del sector de l\u2019hostaleria i a aquells que tenen la preocupaci\u00f3 d\u2019aprofundir i perfeccionar l\u2019elaboraci\u00f3 d\u2019una bona tassa de caf\u00e8.<\/p>\n\n<\/div><\/div><\/div>\n\n<div class=\"gb-grid-column gb-grid-column-c6308784\"><div class=\"gb-container gb-container-c6308784\"><div class=\"gb-inside-container\">\n<div class=\"gb-button-wrapper gb-button-wrapper-d966cb50\">\n\n<a class=\"gb-button gb-button-57a91fc7 gb-button-text\" href=\"https:\/\/testeo-criollo.desarrollobirdcom.es\/ca\/aula-de-baristas\/\">Aula de Baristes<\/a>\n\n<\/div>\n<\/div><\/div><\/div>\n<\/div>","protected":false},"excerpt":{"rendered":"","protected":false},"author":1,"featured_media":20467,"parent":0,"menu_order":0,"comment_status":"closed","ping_status":"closed","template":"","meta":[],"_links":{"self":[{"href":"https:\/\/testeo-criollo.desarrollobirdcom.es\/ca\/wp-json\/wp\/v2\/pages\/20465"}],"collection":[{"href":"https:\/\/testeo-criollo.desarrollobirdcom.es\/ca\/wp-json\/wp\/v2\/pages"}],"about":[{"href":"https:\/\/testeo-criollo.desarrollobirdcom.es\/ca\/wp-json\/wp\/v2\/types\/page"}],"author":[{"embeddable":true,"href":"https:\/\/testeo-criollo.desarrollobirdcom.es\/ca\/wp-json\/wp\/v2\/users\/1"}],"replies":[{"embeddable":true,"href":"https:\/\/testeo-criollo.desarrollobirdcom.es\/ca\/wp-json\/wp\/v2\/comments?post=20465"}],"version-history":[{"count":0,"href":"https:\/\/testeo-criollo.desarrollobirdcom.es\/ca\/wp-json\/wp\/v2\/pages\/20465\/revisions"}],"wp:featuredmedia":[{"embeddable":true,"href":"https:\/\/testeo-criollo.desarrollobirdcom.es\/ca\/wp-json\/wp\/v2\/media\/20467"}],"wp:attachment":[{"href":"https:\/\/testeo-criollo.desarrollobirdcom.es\/ca\/wp-json\/wp\/v2\/media?parent=20465"}],"curies":[{"name":"wp","href":"https:\/\/api.w.org\/{rel}","templated":true}]}}