{"id":20609,"date":"2021-03-03T12:04:17","date_gmt":"2021-03-03T11:04:17","guid":{"rendered":"https:\/\/testeo-criollo.desarrollobirdcom.es\/?page_id=20609"},"modified":"2022-03-17T16:58:20","modified_gmt":"2022-03-17T15:58:20","slug":"aviso-legal","status":"publish","type":"page","link":"https:\/\/testeo-criollo.desarrollobirdcom.es\/ca\/aviso-legal\/","title":{"rendered":"Av\u00eds Legal"},"content":{"rendered":"\n<h2 class=\"wp-block-heading\"><strong>Objecte<\/strong><\/h2>\n\n\n\n<p>Aquest av\u00eds legal regula l\u2019\u00fas i \u00fas \u00a0\u00a0<a href=\"https:\/\/testeo-criollo.desarrollobirdcom.es\/\">de https:\/\/www.cafeselcriollo.com<\/a>\u00a0\u00a0 de les quals<strong>\u00a0\u00a0 CAF\u00c9S EL CRIOLLO S.A. \u00e9s titular.<\/strong>\u00a0\u00a0 (D\u2019ara endavant,<strong>\u00a0\u00a0 CAF\u00c8S EL CRIOLLO).<\/strong><\/p>\n\n\n\n<p>La navegaci\u00f3 per la p\u00e0gina web de CAF\u00c9S EL CRIOLLO, atribueix la condici\u00f3 d\u2019USUARI de la mateixa i implica la seva acceptaci\u00f3 plena i sense reserves de totes i cadascuna de les condicions publicades en aquest av\u00eds legal, advertint que aquestes condicions podran ser modificades sense previ av\u00eds per CAF\u00c9S EL CRIOLLO, en aquest cas ser\u00e0 publicada i notificada al m\u00e9s aviat possible.<\/p>\n\n\n\n<p>Per tant, \u00e9s aconsellable llegir atentament els seus continguts en cas que desitgi accedir i fer \u00fas de la informaci\u00f3 i serveis oferts des d\u2019aquest lloc web.<\/p>\n\n\n\n<p>Aix\u00ed mateix, l\u2019usuari es compromet a fer un \u00fas correcte del lloc web de conformitat amb les lleis, la bona fe, l\u2019ordre p\u00fablic, els usos del tr\u00e0nsit i el seu Av\u00eds Legal, i ser\u00e0 responsable de CAF\u00c9S EL CRIOLLO o de tercers dels danys i perjudicis que es puguin ocasionar com a conseq\u00fc\u00e8ncia de l\u2019incompliment d\u2019aquesta obligaci\u00f3.<\/p>\n\n\n\n<p>Queda expressament prohibida qualsevol \u00fas diferent de l\u2019autoritzada, i CAF\u00c9S EL CRIOLLO podr\u00e0 retirar l\u2019acc\u00e9s i el seu \u00fas en qualsevol moment.<\/p>\n\n\n\n<h2 class=\"wp-block-heading\"><strong>Identificaci\u00f3<\/strong><\/h2>\n\n\n\n<p>CAF\u00c9S EL CRIOLLO, en compliment de la Llei 34\/2002, d\u201911 de juliol, de Serveis de la Societat de la Informaci\u00f3 i de Comer\u00e7 Electr\u00f2nic, l\u2019informa que:<\/p>\n\n\n\n<p>El seu propietari \u00e9s: &nbsp;&nbsp;<strong>CAF\u00c9S EL CRIOLLO S.A<\/strong><\/p>\n\n\n\n<p>El seu nom comercial \u00e9s: &nbsp;&nbsp;<strong>CAFES EL CRIOLLO<\/strong><\/p>\n\n\n\n<p>El seu NIF \u00e9s: A50220995<\/p>\n\n\n\n<p>Tel\u00e8fon de contacte: 976 500 228<\/p>\n\n\n\n<p>Correu electr\u00f2nic: Vendes (A) cafeselcriollo.es<\/p>\n\n\n\n<p>El seu domicili professional est\u00e0 situat a Pol\u00edgon Industrial San Valero, nau 83. 50013 a Saragossa (ESPANYA)<\/p>\n\n\n\n<p>Inscrita en el Registre Mercantil de Saragossa, Tom 802, General 541, Foli 1, Secci\u00f3 3a, Full 9675, \u00e9s titular d\u2019aquest lloc web.<\/p>\n\n\n\n<h3 class=\"wp-block-heading\">1- Comunicacions<\/h3>\n\n\n\n<p>Per contactar amb nosaltres, li proporcionem diferents mitjans de contacte detallats a continuaci\u00f3:<\/p>\n\n\n\n<p>Tfno.: 976 500 228 i 976 500 234<\/p>\n\n\n\n<p>Correu electr\u00f2nic: Vendes (A) caf\u00e9selcriollo.es<\/p>\n\n\n\n<p>Adre\u00e7a postal: Pol\u00edgon Industrial San Valero, nau 83. 50013 a Saragossa (ESPANYA)<\/p>\n\n\n\n<p>Totes les notificacions i comunicacions entre usuaris i CAF\u00c8S EL CRIOLLO es consideraran efectives, a tots els efectes, quan es comu a trav\u00e9s de qualsevol mitj\u00e0 que es detalli anteriorment, excepte el tel\u00e8fon.<\/p>\n\n\n\n<h3 class=\"wp-block-heading\">2-Condicions d\u2019acc\u00e9s i \u00fas<\/h3>\n\n\n\n<p>El lloc web i els seus serveis s\u00f3n gratu\u00efts. No obstant aix\u00f2, CAF\u00c9S EL CRIOLLO podr\u00e0 condicionar la utilitzaci\u00f3 d\u2019alguns dels serveis oferts a la seva p\u00e0gina web a l\u2019emplenament previ del formulari corresponent.<\/p>\n\n\n\n<p>L\u2019usuari garanteix l\u2019autenticitat i puntualitat de totes les dades comunicades a CAF\u00c9S EL CRIOLLO i ser\u00e0 l\u2019\u00fanic responsable de les manifestacions falses o inexactes realitzades.<\/p>\n\n\n\n<p>L\u2019usuari es compromet expressament a fer un \u00fas adequat dels continguts i serveis de CAF\u00c9S EL CRIOLLO i a no utilitzar-los per, entre d\u2019altres:<\/p>\n\n\n\n<p>Difondre delictes, violents, pornogr\u00e0fics, racistes, xen\u00f2fobs, ofensius, disculpant-se del terrorisme o, en general, contraris a la llei o a l\u2019ordre p\u00fablic.<\/p>\n\n\n\n<p>Introduir virus inform\u00e0tics a la xarxa o realitzar accions capaces d\u2019alterar, espatllar, interrompre o generar errors o danys en documents electr\u00f2nics, dades o sistemes f\u00edsics i l\u00f2gics de CAF\u00c9S EL CRIOLLO o de tercers; aix\u00ed com dificultar l\u2019acc\u00e9s d\u2019altres usuaris al lloc web i als seus serveis mitjan\u00e7ant el consum massiu de recursos inform\u00e0tics a trav\u00e9s dels quals CAF\u00c9S EL CRIOLLO presta els seus serveis.<\/p>\n\n\n\n<p>Intentar accedir als comptes de correu electr\u00f2nic d\u2019altres usuaris o \u00e0rees restringides dels sistemes inform\u00e0tics de CAF\u00c9S EL CRIOLLO o de tercers i, si escau, extreure informaci\u00f3.<\/p>\n\n\n\n<p>Violar els drets de propietat intel\u00b7lectual o industrial, aix\u00ed com violar la confidencialitat de la informaci\u00f3 de CAFES EL CRIOLLO o de tercers.<\/p>\n\n\n\n<p>Suplantar la identitat de qualsevol altre usuari.<\/p>\n\n\n\n<p>Reproduir, copiar, distribuir, posar a disposici\u00f3 o qualsevol altra forma de comunicaci\u00f3 p\u00fablica, transformar o modificar els continguts, llevat que ho autoritzi el titular dels corresponents drets o legalment permesos.<\/p>\n\n\n\n<p>Recollir dades amb finalitats publicit\u00e0ries i enviar publicitat de qualsevol tipus i comunicacions amb finalitats comercials o comercials sense la seva sol\u00b7licitud pr\u00e8via o consentiment.<\/p>\n\n\n\n<p>Tots els continguts del lloc web, com ara textos, fotografies, gr\u00e0fics, imatges, icones, tecnologia, programari, aix\u00ed com el seu disseny gr\u00e0fic i codis font, constitueixen una obra propietat de CAF\u00c9S EL CRIOLLO, sense que s\u2019entengui ent\u00e8s que es transfereixen a l\u2019usuari m\u00e9s enll\u00e0 del que \u00e9s estrictament necessari per al correcte \u00fas del lloc web.<\/p>\n\n\n\n<p>En definitiva, els usuaris que accedeixin a aquest lloc web poden visualitzar els continguts i fer, si escau, c\u00f2pies privades autoritzades sempre que els elements reprodu\u00efts no siguin cedits posteriorment a tercers, ni estiguin instal\u00b7lats a servidors connectats a xarxes, ni estiguin subjectes a cap tipus d\u2019explotaci\u00f3.<\/p>\n\n\n\n<p>Aix\u00ed mateix, totes les marques, noms comercials o signes distintius de qualsevol tipus que apareixen en el lloc web s\u00f3n propietat de CAF\u00c9S EL CRIOLLO, sense que s\u2019entengui que l\u2019\u00fas o acc\u00e9s dels mateixos d\u00f3na a l\u2019usuari cap dret sobre elles.<\/p>\n\n\n\n<p>Queda prohibida la distribuci\u00f3, modificaci\u00f3, cessi\u00f3 o comunicaci\u00f3 p\u00fablica dels continguts i qualsevol altre acte que no hagi estat expressament autoritzat pel titular dels drets d\u2019explotaci\u00f3.<\/p>\n\n\n\n<p>L\u2019establiment d\u2019un hiperenlla\u00e7 no implica en cap cas l\u2019exist\u00e8ncia de relacions entre CAF\u00c9S EL CRIOLLO i el titular del lloc web en qu\u00e8 s\u2019estableixi, ni l\u2019acceptaci\u00f3 i aprovaci\u00f3 per part de CAFES EL CRIOLLO dels seus continguts o serveis.<\/p>\n\n\n\n<p>CAFES EL CRIOLLO no es responsabilitza de l\u2019\u00fas que cada usuari d\u00f3na als materials disponibles en aquest lloc web o de les accions que realitzi en funci\u00f3 d\u2019elles.<\/p>\n\n\n\n<h3 class=\"wp-block-heading\">3-Exclusi\u00f3 de garanties i responsabilitat en l\u2019acc\u00e9s i l\u2019\u00fas<\/h3>\n\n\n\n<p>El contingut d\u2019aquest lloc web t\u00e9 car\u00e0cter general i t\u00e9 una finalitat merament informativa, sense garantir plenament l\u2019acc\u00e9s a tots els continguts, ni la seva integritat, correcci\u00f3, validesa o puntualitat, ni la seva idone\u00eftat ni utilitat per a una finalitat concreta.<\/p>\n\n\n\n<p>CAFES EL CRIOLLO exclou, en la seva totalitat, l\u2019ordre legal, qualsevol responsabilitat pels danys i perjudicis de tota mena derivats de:<\/p>\n\n\n\n<p>La impossibilitat d\u2019acc\u00e9s al lloc web o la falta de veracitat, exactitud, integritat i \/ o puntualitat dels continguts, aix\u00ed com l\u2019exist\u00e8ncia de defectes i defectes de tot tipus de continguts transmesos, difosos, emmagatzemats, posats a disposici\u00f3, accedits a trav\u00e9s del lloc web o dels serveis oferts.<\/p>\n\n\n\n<p>Pres\u00e8ncia de virus o altres elements en els continguts que puguin provocar alteracions en els sistemes inform\u00e0tics, documents electr\u00f2nics o dades de l\u2019usuari.<\/p>\n\n\n\n<p>Incompliment de les lleis, la bona fe, l\u2019ordre p\u00fablic, els usos del tr\u00e0nsit i aquest av\u00eds legal com a conseq\u00fc\u00e8ncia d\u2019un \u00fas incorrecte del lloc web. En particular, i a manera d\u2019exemple,&nbsp; CAFES EL CRIOLLO no es fa responsable de les accions de tercers que vulnerin drets de propietat intel\u00b7lectual i industrial, secrets empresarials, drets d\u2019honor, intimitat personal i familiar i auto-imatge, aix\u00ed com de la normativa sobre compet\u00e8ncia deslleial i publicitat il\u00b7l\u00edcita.<\/p>\n\n\n\n<p>Aix\u00ed mateix, &nbsp; CAF\u00c9S EL CRIOLLO declina qualsevol responsabilitat per la informaci\u00f3 que es troba fora d\u2019aquest lloc web i no \u00e9s gestionada directament pel nostre webmaster. La funci\u00f3 dels enlla\u00e7os que apareixen en aquest lloc web \u00e9s exclusivament informar l\u2019usuari sobre l\u2019exist\u00e8ncia d\u2019altres fonts capaces d\u2019ampliar els continguts oferts per aquest lloc web. CAFES EL CRIOLLO no garanteix ni es fa responsable del funcionament o accessibilitat dels llocs enlla\u00e7ats; tampoc suggereix, convida o recomana la visita a ells, per la qual cosa tampoc ser\u00e0 responsable del resultat obtingut. CAFES EL CRIOLLO no es fa responsable de l\u2019establiment d\u2019hiperenlla\u00e7os per part de tercers.<\/p>\n\n\n\n<h3 class=\"wp-block-heading\">4-Procediment en cas de realitzaci\u00f3 d\u2019activitats de car\u00e0cter il\u00b7l\u00edcit<\/h3>\n\n\n\n<p>En el cas que qualsevol usuari o tercer consideri que hi ha fets o circumst\u00e0ncies que revelin la naturalesa il\u00b7l\u00edcita de la utilitzaci\u00f3 de qualsevol contingut i \/ o la realitzaci\u00f3 de qualsevol activitat en les p\u00e0gines web incloses o accessibles a trav\u00e9s del lloc web, haur\u00e0 d\u2019enviar una notificaci\u00f3 a CAF\u00c9S EL CRIOLLO. Identificar-se correctament i especificar les presumptes violacions.<\/p>\n\n\n\n<h3 class=\"wp-block-heading\">5-Publicacions<\/h3>\n\n\n\n<p>La informaci\u00f3 administrativa facilitada a trav\u00e9s del lloc web no substitueix la publicitat legal de lleis, reglaments, plans, disposicions generals i actes que s\u2019han de publicar formalment als diaris oficials de les Administracions P\u00fabliques, que constitueixen l\u2019\u00fanic instrument que d\u00f3na fe de la seva autenticitat i contingut. La informaci\u00f3 disponible en aquest lloc web s\u2019ha d\u2019entendre com una guia no espec\u00edfica de validesa jur\u00eddica.<\/p>\n\n\n\n<h3 class=\"wp-block-heading\">6-Protecci\u00f3 de dades<\/h3>\n\n\n\n<p>CAFES EL CRIOLLO adopta els corresponents nivells de seguretat exigits en l\u2019article 32 \u201cSeguretat del Tractament\u201d del RGPD 2016\/679 de la UE i altres normatives aplicables. No obstant aix\u00f2, no pot garantir la invulnerabilitat absoluta dels sistemes, per tant, no assumeix cap responsabilitat pels danys i perjudicis derivats de les alteracions que tercers puguin causar en els sistemes inform\u00e0tics, documents electr\u00f2nics o fitxers de l\u2019usuari.<\/p>\n\n\n\n<p>Si decideix abandonar el nostre lloc web a trav\u00e9s d\u2019enlla\u00e7os a llocs web no pertanyents a la nostra entitat, CAF\u00c9S EL CRIOLLO no es fa responsable de les pol\u00edtiques de privacitat d\u2019aquests llocs web ni de les cookies que puguin emmagatzemar a l\u2019ordinador de l\u2019usuari.<\/p>\n\n\n\n<p>La nostra pol\u00edtica de correu electr\u00f2nic se centra en l\u2019enviament nom\u00e9s de comunicacions que vost\u00e8 ha sol\u00b7licitat rebre.<\/p>\n\n\n\n<p>Si prefereix no rebre aquests missatges per correu electr\u00f2nic li oferirem a trav\u00e9s d\u2019ells la possibilitat d\u2019exercir el seu dret de cancel\u00b7laci\u00f3 i ren\u00fancia a la recepci\u00f3 d\u2019aquests missatges, d\u2019acord amb el que estableix el T\u00edtol III, article 22 de la Llei 34\/2002, de Serveis per a la Societat de la Informaci\u00f3 i comer\u00e7 electr\u00f2nic.<\/p>\n\n\n\n<h3 class=\"wp-block-heading\">7-Legislaci\u00f3 aplicable<\/h3>\n\n\n\n<p>Les presents condicions es regiran per la legislaci\u00f3 europea i en aquest cas dependran de l\u2019Autoritat de Supervisi\u00f3, AEPD, legislaci\u00f3 espanyola vigent.<\/p>\n\n\n\n<p>La llengua utilitzada ser\u00e0 el castell\u00e0.<\/p>\n","protected":false},"excerpt":{"rendered":"","protected":false},"author":1,"featured_media":20573,"parent":0,"menu_order":0,"comment_status":"closed","ping_status":"closed","template":"","meta":[],"_links":{"self":[{"href":"https:\/\/testeo-criollo.desarrollobirdcom.es\/ca\/wp-json\/wp\/v2\/pages\/20609"}],"collection":[{"href":"https:\/\/testeo-criollo.desarrollobirdcom.es\/ca\/wp-json\/wp\/v2\/pages"}],"about":[{"href":"https:\/\/testeo-criollo.desarrollobirdcom.es\/ca\/wp-json\/wp\/v2\/types\/page"}],"author":[{"embeddable":true,"href":"https:\/\/testeo-criollo.desarrollobirdcom.es\/ca\/wp-json\/wp\/v2\/users\/1"}],"replies":[{"embeddable":true,"href":"https:\/\/testeo-criollo.desarrollobirdcom.es\/ca\/wp-json\/wp\/v2\/comments?post=20609"}],"version-history":[{"count":0,"href":"https:\/\/testeo-criollo.desarrollobirdcom.es\/ca\/wp-json\/wp\/v2\/pages\/20609\/revisions"}],"wp:featuredmedia":[{"embeddable":true,"href":"https:\/\/testeo-criollo.desarrollobirdcom.es\/ca\/wp-json\/wp\/v2\/media\/20573"}],"wp:attachment":[{"href":"https:\/\/testeo-criollo.desarrollobirdcom.es\/ca\/wp-json\/wp\/v2\/media?parent=20609"}],"curies":[{"name":"wp","href":"https:\/\/api.w.org\/{rel}","templated":true}]}}