{"id":20648,"date":"2021-03-03T12:24:18","date_gmt":"2021-03-03T11:24:18","guid":{"rendered":"https:\/\/testeo-criollo.desarrollobirdcom.es\/paginas-legales\/"},"modified":"2021-05-23T19:58:19","modified_gmt":"2021-05-23T18:58:19","slug":"pagines-legals","status":"publish","type":"page","link":"https:\/\/testeo-criollo.desarrollobirdcom.es\/ca\/pagines-legals\/","title":{"rendered":"P\u00e0gines Legals"},"content":{"rendered":"\n<p>A continuaci\u00f3 pot trobar enlla\u00e7os a les p\u00e0gines d&#8217;aspectes legals del nostre lloc web.<\/p>\n\n\n\n<ul><li><a href=\"https:\/\/testeo-criollo.desarrollobirdcom.es\/ca\/aviso-legal\/\" class=\"rank-math-link\">Av\u00eds Legal<\/a><\/li><li><a href=\"https:\/\/testeo-criollo.desarrollobirdcom.es\/ca\/condiciones-de-envio\/\" class=\"rank-math-link\">Condicions d\u00b4enviament<\/a><\/li><li><a href=\"https:\/\/testeo-criollo.desarrollobirdcom.es\/ca\/condiciones-generales-de-venta\/\" class=\"rank-math-link\">Condicions Generals de Venda<\/a><\/li><li><a href=\"https:\/\/testeo-criollo.desarrollobirdcom.es\/ca\/politica-de-cookies\/\" class=\"rank-math-link\">Pol\u00edtica de Cookies<\/a><\/li><li><a href=\"https:\/\/testeo-criollo.desarrollobirdcom.es\/ca\/politica-de-privacidad\/\" class=\"rank-math-link\">Pol\u00edtica de Privacidad<\/a><\/li><\/ul>\n","protected":false},"excerpt":{"rendered":"","protected":false},"author":1,"featured_media":20573,"parent":0,"menu_order":0,"comment_status":"closed","ping_status":"closed","template":"","meta":[],"_links":{"self":[{"href":"https:\/\/testeo-criollo.desarrollobirdcom.es\/ca\/wp-json\/wp\/v2\/pages\/20648"}],"collection":[{"href":"https:\/\/testeo-criollo.desarrollobirdcom.es\/ca\/wp-json\/wp\/v2\/pages"}],"about":[{"href":"https:\/\/testeo-criollo.desarrollobirdcom.es\/ca\/wp-json\/wp\/v2\/types\/page"}],"author":[{"embeddable":true,"href":"https:\/\/testeo-criollo.desarrollobirdcom.es\/ca\/wp-json\/wp\/v2\/users\/1"}],"replies":[{"embeddable":true,"href":"https:\/\/testeo-criollo.desarrollobirdcom.es\/ca\/wp-json\/wp\/v2\/comments?post=20648"}],"version-history":[{"count":0,"href":"https:\/\/testeo-criollo.desarrollobirdcom.es\/ca\/wp-json\/wp\/v2\/pages\/20648\/revisions"}],"wp:featuredmedia":[{"embeddable":true,"href":"https:\/\/testeo-criollo.desarrollobirdcom.es\/ca\/wp-json\/wp\/v2\/media\/20573"}],"wp:attachment":[{"href":"https:\/\/testeo-criollo.desarrollobirdcom.es\/ca\/wp-json\/wp\/v2\/media?parent=20648"}],"curies":[{"name":"wp","href":"https:\/\/api.w.org\/{rel}","templated":true}]}}