{"id":21012,"date":"2020-10-27T09:22:38","date_gmt":"2020-10-27T09:22:38","guid":{"rendered":"https:\/\/testeo-criollo.desarrollobirdcom.es\/producto\/pack-de-cafes-de-origen-distincion\/"},"modified":"2021-10-19T13:04:49","modified_gmt":"2021-10-19T12:04:49","slug":"pack-de-cafes-de-origen-distincio","status":"publish","type":"product","link":"https:\/\/testeo-criollo.desarrollobirdcom.es\/ca\/producto\/pack-de-cafes-de-origen-distincio\/","title":{"rendered":"Pack de Caf\u00e8s d&#8217;Origen &#8220;Distinci\u00f3&#8221;"},"content":{"rendered":"<p>Els millors or\u00edgens cafeters en un pack amb un 10% de descompte, en qu\u00e8 podr\u00e0s triar tamb\u00e9 el tipus de m\u00f2lta que vulguis.<\/p>\n<ul>\n<li><strong>1 M\u00e8xic Huatusco<\/strong> (250 g)<\/li>\n<\/ul>\n<p>La ubicaci\u00f3 geogr\u00e0fica de Huatusco el situa com un dels llocs amb millors condicions clim\u00e0tiques per a l&#8217;adaptaci\u00f3 de l&#8217;gra. La seva qualitat \u00e9s tal, que ha guanyat en diverses ocasions el certamen de \u00abLa Tassa d&#8217;Excel\u00b7l\u00e8ncia\u00bb, concurs organitzat per l&#8217;Associaci\u00f3 Mexicana de el Caf\u00e8.<\/p>\n<ul>\n<li><strong>1 \u00abDoble Label\u00bb<\/strong> (250 g)<\/li>\n<\/ul>\n<p>Aquest caf\u00e8 t\u00e9 doble certificaci\u00f3, org\u00e0nic i Fairtrade. Alguns grups d&#8217;agricultors s&#8217;han especialitzat i treballen perqu\u00e8 el seu caf\u00e8 sigui org\u00e0nic i m\u00e9s sigui considerat d&#8217;especialitat.<\/p>\n<ul>\n<li><strong>1 El Salvador \u00abVilla Guadalupe\u00bb<\/strong> (250 g)<\/li>\n<\/ul>\n<p>Els caf\u00e8s del Salvador s\u00f3n bons, realment equilibrats, agradables i s\u00f2lids. Aquest fant\u00e0stic caf\u00e8 prov\u00e9 de la finca \u00abVilla Guadalupe\u00bb.<\/p>\n<ul>\n<li><strong>1 Eti\u00f2pia Nansebo<\/strong> (250 g)<\/li>\n<\/ul>\n<p>\u00c9s un caf\u00e8 que conserva les caracter\u00edstiques gen\u00e8riques dels caf\u00e8s et\u00edops i s&#8217;obt\u00e9 un perfil de tassa complex.<\/p>\n<ul>\n<li><strong>1 Kenya Kiamutuira AB<\/strong> (250 g)<\/li>\n<\/ul>\n<p>De la regi\u00f3 de la muntanya Kenya a 1.570 m d&#8217;altitud.<\/p>\n<p>&nbsp;<\/p>\n","protected":false},"excerpt":{"rendered":"<p>Pack de Caf\u00e8s d&#8217;Origen &#8216;Distinci\u00f3&#8217; que inclou 5 paquets de caf\u00e8 dels millors or\u00edgens cafeters. Es pot triar el tipus de m\u00f2lta i l&#8217;enviament \u00e9s gratu\u00eft.<\/p>\n","protected":false},"featured_media":21013,"comment_status":"open","ping_status":"closed","template":"","meta":[],"product_cat":[83],"product_tag":[142,141],"sabores":[],"_links":{"self":[{"href":"https:\/\/testeo-criollo.desarrollobirdcom.es\/ca\/wp-json\/wp\/v2\/product\/21012"}],"collection":[{"href":"https:\/\/testeo-criollo.desarrollobirdcom.es\/ca\/wp-json\/wp\/v2\/product"}],"about":[{"href":"https:\/\/testeo-criollo.desarrollobirdcom.es\/ca\/wp-json\/wp\/v2\/types\/product"}],"replies":[{"embeddable":true,"href":"https:\/\/testeo-criollo.desarrollobirdcom.es\/ca\/wp-json\/wp\/v2\/comments?post=21012"}],"version-history":[{"count":0,"href":"https:\/\/testeo-criollo.desarrollobirdcom.es\/ca\/wp-json\/wp\/v2\/product\/21012\/revisions"}],"wp:featuredmedia":[{"embeddable":true,"href":"https:\/\/testeo-criollo.desarrollobirdcom.es\/ca\/wp-json\/wp\/v2\/media\/21013"}],"wp:attachment":[{"href":"https:\/\/testeo-criollo.desarrollobirdcom.es\/ca\/wp-json\/wp\/v2\/media?parent=21012"}],"wp:term":[{"taxonomy":"product_cat","embeddable":true,"href":"https:\/\/testeo-criollo.desarrollobirdcom.es\/ca\/wp-json\/wp\/v2\/product_cat?post=21012"},{"taxonomy":"product_tag","embeddable":true,"href":"https:\/\/testeo-criollo.desarrollobirdcom.es\/ca\/wp-json\/wp\/v2\/product_tag?post=21012"},{"taxonomy":"sabores","embeddable":true,"href":"https:\/\/testeo-criollo.desarrollobirdcom.es\/ca\/wp-json\/wp\/v2\/sabores?post=21012"}],"curies":[{"name":"wp","href":"https:\/\/api.w.org\/{rel}","templated":true}]}}