{"id":21016,"date":"2020-10-18T16:31:13","date_gmt":"2020-10-18T16:31:13","guid":{"rendered":"https:\/\/testeo-criollo.desarrollobirdcom.es\/producto\/pack-promocion-infusiones-mejor-precio\/"},"modified":"2022-03-25T14:05:51","modified_gmt":"2022-03-25T13:05:51","slug":"pack-promocio-infusions-millor-preu","status":"publish","type":"product","link":"https:\/\/testeo-criollo.desarrollobirdcom.es\/ca\/producto\/pack-promocio-infusions-millor-preu\/","title":{"rendered":"Pack Promoci\u00f3 Infusions"},"content":{"rendered":"<h2>Infusions a el millor preu<\/h2>\n<p>Gaudeix del nostre pack d&#8217;infusions especials, amb un 15% de descompte.<\/p>\n<ul>\n<li><strong>camamilla Digest<\/strong><\/li>\n<\/ul>\n<p>Camamilla amb an\u00eds, menta i fonoll. Doblement digestiva.<\/p>\n<ul>\n<li><strong>menta Fresca<\/strong><\/li>\n<\/ul>\n<p>Tot sabor i aroma a partir de les millors fulles de menta piperita i menta. Plaer refrescant.<\/p>\n<ul>\n<li><strong>tropical<\/strong><\/li>\n<\/ul>\n<p>Infusi\u00f3 a base de fruita, dol\u00e7a i refrescant amb hibisc, gavarrera, mango, maracuj\u00e0, papaia, coco i poma.<\/p>\n","protected":false},"excerpt":{"rendered":"","protected":false},"featured_media":21017,"comment_status":"open","ping_status":"closed","template":"","meta":[],"product_cat":[83],"product_tag":[142,141],"sabores":[],"_links":{"self":[{"href":"https:\/\/testeo-criollo.desarrollobirdcom.es\/ca\/wp-json\/wp\/v2\/product\/21016"}],"collection":[{"href":"https:\/\/testeo-criollo.desarrollobirdcom.es\/ca\/wp-json\/wp\/v2\/product"}],"about":[{"href":"https:\/\/testeo-criollo.desarrollobirdcom.es\/ca\/wp-json\/wp\/v2\/types\/product"}],"replies":[{"embeddable":true,"href":"https:\/\/testeo-criollo.desarrollobirdcom.es\/ca\/wp-json\/wp\/v2\/comments?post=21016"}],"version-history":[{"count":0,"href":"https:\/\/testeo-criollo.desarrollobirdcom.es\/ca\/wp-json\/wp\/v2\/product\/21016\/revisions"}],"wp:featuredmedia":[{"embeddable":true,"href":"https:\/\/testeo-criollo.desarrollobirdcom.es\/ca\/wp-json\/wp\/v2\/media\/21017"}],"wp:attachment":[{"href":"https:\/\/testeo-criollo.desarrollobirdcom.es\/ca\/wp-json\/wp\/v2\/media?parent=21016"}],"wp:term":[{"taxonomy":"product_cat","embeddable":true,"href":"https:\/\/testeo-criollo.desarrollobirdcom.es\/ca\/wp-json\/wp\/v2\/product_cat?post=21016"},{"taxonomy":"product_tag","embeddable":true,"href":"https:\/\/testeo-criollo.desarrollobirdcom.es\/ca\/wp-json\/wp\/v2\/product_tag?post=21016"},{"taxonomy":"sabores","embeddable":true,"href":"https:\/\/testeo-criollo.desarrollobirdcom.es\/ca\/wp-json\/wp\/v2\/sabores?post=21016"}],"curies":[{"name":"wp","href":"https:\/\/api.w.org\/{rel}","templated":true}]}}