{"id":21032,"date":"2020-10-18T16:03:31","date_gmt":"2020-10-18T16:03:31","guid":{"rendered":"https:\/\/testeo-criollo.desarrollobirdcom.es\/producto\/rooibos-canela-naranja\/"},"modified":"2022-07-16T15:37:35","modified_gmt":"2022-07-16T13:37:35","slug":"rooibos-canyella-taronja","status":"publish","type":"product","link":"https:\/\/testeo-criollo.desarrollobirdcom.es\/ca\/producto\/rooibos-canyella-taronja\/","title":{"rendered":"Rooibos Canela-Taronja"},"content":{"rendered":"<p>Tot el cos i car\u00e0cter de l&#8217;roooibos en combinaci\u00f3 amb l&#8217;exquisida barreja de canyella i taronja. Una explosi\u00f3 de sabor i aromes en perfecta sintonia.<\/p>\n<p>Lliure d&#8217;al\u00b7l\u00e8rgens.<\/p>\n","protected":false},"excerpt":{"rendered":"","protected":false},"featured_media":0,"comment_status":"open","ping_status":"closed","template":"","meta":[],"product_cat":[84],"product_tag":[141],"sabores":[],"_links":{"self":[{"href":"https:\/\/testeo-criollo.desarrollobirdcom.es\/ca\/wp-json\/wp\/v2\/product\/21032"}],"collection":[{"href":"https:\/\/testeo-criollo.desarrollobirdcom.es\/ca\/wp-json\/wp\/v2\/product"}],"about":[{"href":"https:\/\/testeo-criollo.desarrollobirdcom.es\/ca\/wp-json\/wp\/v2\/types\/product"}],"replies":[{"embeddable":true,"href":"https:\/\/testeo-criollo.desarrollobirdcom.es\/ca\/wp-json\/wp\/v2\/comments?post=21032"}],"version-history":[{"count":0,"href":"https:\/\/testeo-criollo.desarrollobirdcom.es\/ca\/wp-json\/wp\/v2\/product\/21032\/revisions"}],"wp:attachment":[{"href":"https:\/\/testeo-criollo.desarrollobirdcom.es\/ca\/wp-json\/wp\/v2\/media?parent=21032"}],"wp:term":[{"taxonomy":"product_cat","embeddable":true,"href":"https:\/\/testeo-criollo.desarrollobirdcom.es\/ca\/wp-json\/wp\/v2\/product_cat?post=21032"},{"taxonomy":"product_tag","embeddable":true,"href":"https:\/\/testeo-criollo.desarrollobirdcom.es\/ca\/wp-json\/wp\/v2\/product_tag?post=21032"},{"taxonomy":"sabores","embeddable":true,"href":"https:\/\/testeo-criollo.desarrollobirdcom.es\/ca\/wp-json\/wp\/v2\/sabores?post=21032"}],"curies":[{"name":"wp","href":"https:\/\/api.w.org\/{rel}","templated":true}]}}