{"id":21136,"date":"2020-10-18T15:53:24","date_gmt":"2020-10-18T15:53:24","guid":{"rendered":"https:\/\/testeo-criollo.desarrollobirdcom.es\/producto\/mezcla-tradicion\/"},"modified":"2022-07-16T22:56:15","modified_gmt":"2022-07-16T20:56:15","slug":"barreja-tradicio","status":"publish","type":"product","link":"https:\/\/testeo-criollo.desarrollobirdcom.es\/ca\/producto\/barreja-tradicio\/","title":{"rendered":"barreja Tradici\u00f3"},"content":{"rendered":"<div class=\"field field-name-body field-type-text-with-summary field-label-hidden\">\n<div class=\"field-items\">\n<div class=\"field-item even\">\n<p>\u00c9s la nostra selecci\u00f3 de tres caf\u00e8s Ar\u00e0bica, provinents de les millors plantacions de el m\u00f3n el cultiu es produeix a m\u00e9s de 1.500 metres d&#8217;altitud, collits pel m\u00e8tode picking (agafats gra a gra).<\/p>\n<\/div>\n<\/div>\n<\/div>\n","protected":false},"excerpt":{"rendered":"<p>Selecci\u00f3 de tres caf\u00e8s Ar\u00e0bica, provinents de les millors plantacions de el m\u00f3n. La seva equilibrada barreja t\u00e9 inconfusibles notes a xocolata i fruits vermells que resultaran irresistibles en el teu paladar.<\/p>\n","protected":false},"featured_media":20680,"comment_status":"open","ping_status":"closed","template":"","meta":[],"product_cat":[70,79],"product_tag":[141],"sabores":[93,91],"_links":{"self":[{"href":"https:\/\/testeo-criollo.desarrollobirdcom.es\/ca\/wp-json\/wp\/v2\/product\/21136"}],"collection":[{"href":"https:\/\/testeo-criollo.desarrollobirdcom.es\/ca\/wp-json\/wp\/v2\/product"}],"about":[{"href":"https:\/\/testeo-criollo.desarrollobirdcom.es\/ca\/wp-json\/wp\/v2\/types\/product"}],"replies":[{"embeddable":true,"href":"https:\/\/testeo-criollo.desarrollobirdcom.es\/ca\/wp-json\/wp\/v2\/comments?post=21136"}],"version-history":[{"count":0,"href":"https:\/\/testeo-criollo.desarrollobirdcom.es\/ca\/wp-json\/wp\/v2\/product\/21136\/revisions"}],"wp:featuredmedia":[{"embeddable":true,"href":"https:\/\/testeo-criollo.desarrollobirdcom.es\/ca\/wp-json\/wp\/v2\/media\/20680"}],"wp:attachment":[{"href":"https:\/\/testeo-criollo.desarrollobirdcom.es\/ca\/wp-json\/wp\/v2\/media?parent=21136"}],"wp:term":[{"taxonomy":"product_cat","embeddable":true,"href":"https:\/\/testeo-criollo.desarrollobirdcom.es\/ca\/wp-json\/wp\/v2\/product_cat?post=21136"},{"taxonomy":"product_tag","embeddable":true,"href":"https:\/\/testeo-criollo.desarrollobirdcom.es\/ca\/wp-json\/wp\/v2\/product_tag?post=21136"},{"taxonomy":"sabores","embeddable":true,"href":"https:\/\/testeo-criollo.desarrollobirdcom.es\/ca\/wp-json\/wp\/v2\/sabores?post=21136"}],"curies":[{"name":"wp","href":"https:\/\/api.w.org\/{rel}","templated":true}]}}