{"id":21140,"date":"2020-10-18T15:47:55","date_gmt":"2020-10-18T15:47:55","guid":{"rendered":"https:\/\/testeo-criollo.desarrollobirdcom.es\/producto\/blend-insignia\/"},"modified":"2022-03-29T16:05:42","modified_gmt":"2022-03-29T14:05:42","slug":"blend-insignia","status":"publish","type":"product","link":"https:\/\/testeo-criollo.desarrollobirdcom.es\/ca\/producto\/blend-insignia\/","title":{"rendered":"Blend Ins\u00edgnia"},"content":{"rendered":"<div class=\"field field-name-body field-type-text-with-summary field-label-hidden\">\n<div class=\"field-items\">\n<div class=\"field-item even\">\n<p>El nostre blend Ins\u00edgnia \u00e9s el resultat de la nostra llarga experi\u00e8ncia en l&#8217;elaboraci\u00f3 de caf\u00e8s d&#8217;alta qualitat.<\/p>\n<p>\u00c9s una barreja de caf\u00e8s Ar\u00e0bica feta per gaudir amb els cinc sentits de la seva sofisticat perfil arom\u00e0tic. Un caf\u00e8 ple de matisos, dissenyat i elaborat per gaudir-ne.<\/p>\n<\/div>\n<\/div>\n<\/div>\n","protected":false},"excerpt":{"rendered":"<p>Gaudeix amb els cinc sentits de l&#8217;sofisticat perfil arom\u00e0tic del nostre Blend Ins\u00edgnia, resultat d&#8217;una llarga experi\u00e8ncia en l&#8217;elaboraci\u00f3 de caf\u00e8s d&#8217;alta qualitat.<\/p>\n","protected":false},"featured_media":25433,"comment_status":"open","ping_status":"closed","template":"","meta":[],"product_cat":[70,79],"product_tag":[141],"sabores":[72,74],"_links":{"self":[{"href":"https:\/\/testeo-criollo.desarrollobirdcom.es\/ca\/wp-json\/wp\/v2\/product\/21140"}],"collection":[{"href":"https:\/\/testeo-criollo.desarrollobirdcom.es\/ca\/wp-json\/wp\/v2\/product"}],"about":[{"href":"https:\/\/testeo-criollo.desarrollobirdcom.es\/ca\/wp-json\/wp\/v2\/types\/product"}],"replies":[{"embeddable":true,"href":"https:\/\/testeo-criollo.desarrollobirdcom.es\/ca\/wp-json\/wp\/v2\/comments?post=21140"}],"version-history":[{"count":0,"href":"https:\/\/testeo-criollo.desarrollobirdcom.es\/ca\/wp-json\/wp\/v2\/product\/21140\/revisions"}],"wp:featuredmedia":[{"embeddable":true,"href":"https:\/\/testeo-criollo.desarrollobirdcom.es\/ca\/wp-json\/wp\/v2\/media\/25433"}],"wp:attachment":[{"href":"https:\/\/testeo-criollo.desarrollobirdcom.es\/ca\/wp-json\/wp\/v2\/media?parent=21140"}],"wp:term":[{"taxonomy":"product_cat","embeddable":true,"href":"https:\/\/testeo-criollo.desarrollobirdcom.es\/ca\/wp-json\/wp\/v2\/product_cat?post=21140"},{"taxonomy":"product_tag","embeddable":true,"href":"https:\/\/testeo-criollo.desarrollobirdcom.es\/ca\/wp-json\/wp\/v2\/product_tag?post=21140"},{"taxonomy":"sabores","embeddable":true,"href":"https:\/\/testeo-criollo.desarrollobirdcom.es\/ca\/wp-json\/wp\/v2\/sabores?post=21140"}],"curies":[{"name":"wp","href":"https:\/\/api.w.org\/{rel}","templated":true}]}}