{"id":21148,"date":"2020-10-18T15:30:24","date_gmt":"2020-10-18T15:30:24","guid":{"rendered":"https:\/\/testeo-criollo.desarrollobirdcom.es\/producto\/india-malabar-monsonado\/"},"modified":"2022-07-27T13:14:57","modified_gmt":"2022-07-27T11:14:57","slug":"india-malabar-monsonado","status":"publish","type":"product","link":"https:\/\/testeo-criollo.desarrollobirdcom.es\/ca\/producto\/india-malabar-monsonado\/","title":{"rendered":"\u00cdndia &#8216;Malabar Monsonado&#8217;"},"content":{"rendered":"<p>aquest<b> Caf\u00e8 d&#8217;Especialitat de l&#8217;\u00cdndia<\/b> \u00e9s un dels caf\u00e8s m\u00e9s singulars del nostre cat\u00e0leg. Cultivat al llarg i ample de la cadena de muntanyes Wester Ghats, a la regi\u00f3 \u00edndia de Malabar, la seva<b> particular proc\u00e9s de producci\u00f3 i els singulars matisos anyencs<\/b> del seu sabor fan d&#8217;aquest \u00cdndia &#8216;Malabar Monsonado&#8217; un caf\u00e8 \u00fanic<\/p>\n<p>La identitat d&#8217;aquest Caf\u00e8 d&#8217;Especialitat de l&#8217;\u00cdndia rau en la particularitat de la seva<b> labori\u00f3s m\u00e8tode de processament<\/b> . Aquest m\u00e8tode consisteix a assecar els grans aprofitant els corrents de vent mons\u00f3, carregat d&#8217;humitat, el que fa que els grans s&#8217;inflin, adquireixin un color daurat p\u00e0l\u00b7lid i un sabor anyenc dol\u00e7 per\u00f2 agressiu. Amb aquest proc\u00e9s<b> el caf\u00e8 arriba a un excepcional cos amb molt poca acidesa i gran cremositat<\/b> que garanteix un espresso inigualable. [expand]<\/p>\n<p>Tot i que la meitat de la producci\u00f3 de l&#8217;\u00cdndia \u00e9s Robusta, tamb\u00e9 exporta Ar\u00e0biques de qualitat, com els anomenats &#8220;Amonzonados&#8221;, com \u00e9s aquest \u00cdndia &#8216;Malabar&#8217;.<\/p>\n<p>L&#8217;\u00cdndia ha estat pa\u00eds<b> pioner en el control de malalties de la planta de caf\u00e8<\/b> , Com la Roya o la antracnosi i des de fa anys treballa en la millora cont\u00ednua de la qualitat de les seves collites. En l&#8217;era moderna de l&#8217;\u00cdndia independent (des de 1947), els m\u00e8todes de processament han millorat i, amb l&#8217;ajuda de l&#8217;Coffee Board of India, el caf\u00e8 s&#8217;ha convertit en un sector pr\u00f2sper al pa\u00eds, amb exportacions que arriben a tot el planeta.<\/p>\n<p>Com a curiositat, l&#8217;origen de l&#8217;cultiu de el caf\u00e8 a l&#8217;\u00cdndia s&#8217;atribueix a un personatge llegendari, Baba Budan. Es diu que va introduir la planta de caf\u00e8 a l&#8217;\u00cdndia a l&#8217;portar catorze grans (exactament) des del Iemen, trencant aix\u00ed el monopoli que els iemenites tenien fins llavors sobre la producci\u00f3 de el caf\u00e8.[\/expand]<\/p>\n","protected":false},"excerpt":{"rendered":"<p>Caf\u00e8 d&#8217;Especialitat de l&#8217;\u00cdndia cultivat al llarg i ample de la cadena de muntanyes Wester Ghats. La identitat d&#8217;aquest caf\u00e8 rau en la particularitat del seu labori\u00f3s m\u00e8tode de processament, que li atorga un ampli repertori d&#8217;aromes especiats.<\/p>\n","protected":false},"featured_media":20676,"comment_status":"open","ping_status":"closed","template":"","meta":[],"product_cat":[70,71,95],"product_tag":[141],"sabores":[94],"_links":{"self":[{"href":"https:\/\/testeo-criollo.desarrollobirdcom.es\/ca\/wp-json\/wp\/v2\/product\/21148"}],"collection":[{"href":"https:\/\/testeo-criollo.desarrollobirdcom.es\/ca\/wp-json\/wp\/v2\/product"}],"about":[{"href":"https:\/\/testeo-criollo.desarrollobirdcom.es\/ca\/wp-json\/wp\/v2\/types\/product"}],"replies":[{"embeddable":true,"href":"https:\/\/testeo-criollo.desarrollobirdcom.es\/ca\/wp-json\/wp\/v2\/comments?post=21148"}],"version-history":[{"count":0,"href":"https:\/\/testeo-criollo.desarrollobirdcom.es\/ca\/wp-json\/wp\/v2\/product\/21148\/revisions"}],"wp:featuredmedia":[{"embeddable":true,"href":"https:\/\/testeo-criollo.desarrollobirdcom.es\/ca\/wp-json\/wp\/v2\/media\/20676"}],"wp:attachment":[{"href":"https:\/\/testeo-criollo.desarrollobirdcom.es\/ca\/wp-json\/wp\/v2\/media?parent=21148"}],"wp:term":[{"taxonomy":"product_cat","embeddable":true,"href":"https:\/\/testeo-criollo.desarrollobirdcom.es\/ca\/wp-json\/wp\/v2\/product_cat?post=21148"},{"taxonomy":"product_tag","embeddable":true,"href":"https:\/\/testeo-criollo.desarrollobirdcom.es\/ca\/wp-json\/wp\/v2\/product_tag?post=21148"},{"taxonomy":"sabores","embeddable":true,"href":"https:\/\/testeo-criollo.desarrollobirdcom.es\/ca\/wp-json\/wp\/v2\/sabores?post=21148"}],"curies":[{"name":"wp","href":"https:\/\/api.w.org\/{rel}","templated":true}]}}