{"id":21162,"date":"2020-03-02T15:59:49","date_gmt":"2020-03-02T15:59:49","guid":{"rendered":"https:\/\/testeo-criollo.desarrollobirdcom.es\/producto\/te-rojo-pu-erh\/"},"modified":"2021-06-02T11:50:40","modified_gmt":"2021-06-02T10:50:40","slug":"et-vermell-pu-erh","status":"publish","type":"product","link":"https:\/\/testeo-criollo.desarrollobirdcom.es\/ca\/producto\/et-vermell-pu-erh\/","title":{"rendered":"Te Vermell PU ERH"},"content":{"rendered":"<p>Te vermell (de llarga fermentaci\u00f3) procedent de la Xina. Tot car\u00e0cter. De sabor intens i terr\u00f3s.<\/p>\n<p>Lliure d&#8217;al\u00b7l\u00e8rgens.<\/p>\n","protected":false},"excerpt":{"rendered":"","protected":false},"featured_media":0,"comment_status":"open","ping_status":"closed","template":"","meta":[],"product_cat":[84],"product_tag":[141],"sabores":[],"_links":{"self":[{"href":"https:\/\/testeo-criollo.desarrollobirdcom.es\/ca\/wp-json\/wp\/v2\/product\/21162"}],"collection":[{"href":"https:\/\/testeo-criollo.desarrollobirdcom.es\/ca\/wp-json\/wp\/v2\/product"}],"about":[{"href":"https:\/\/testeo-criollo.desarrollobirdcom.es\/ca\/wp-json\/wp\/v2\/types\/product"}],"replies":[{"embeddable":true,"href":"https:\/\/testeo-criollo.desarrollobirdcom.es\/ca\/wp-json\/wp\/v2\/comments?post=21162"}],"version-history":[{"count":0,"href":"https:\/\/testeo-criollo.desarrollobirdcom.es\/ca\/wp-json\/wp\/v2\/product\/21162\/revisions"}],"wp:attachment":[{"href":"https:\/\/testeo-criollo.desarrollobirdcom.es\/ca\/wp-json\/wp\/v2\/media?parent=21162"}],"wp:term":[{"taxonomy":"product_cat","embeddable":true,"href":"https:\/\/testeo-criollo.desarrollobirdcom.es\/ca\/wp-json\/wp\/v2\/product_cat?post=21162"},{"taxonomy":"product_tag","embeddable":true,"href":"https:\/\/testeo-criollo.desarrollobirdcom.es\/ca\/wp-json\/wp\/v2\/product_tag?post=21162"},{"taxonomy":"sabores","embeddable":true,"href":"https:\/\/testeo-criollo.desarrollobirdcom.es\/ca\/wp-json\/wp\/v2\/sabores?post=21162"}],"curies":[{"name":"wp","href":"https:\/\/api.w.org\/{rel}","templated":true}]}}