{"id":21196,"date":"2020-03-02T15:28:33","date_gmt":"2020-03-02T15:28:33","guid":{"rendered":"https:\/\/testeo-criollo.desarrollobirdcom.es\/producto\/alta-seleccion\/"},"modified":"2021-08-13T11:27:37","modified_gmt":"2021-08-13T10:27:37","slug":"alta-seleccio","status":"publish","type":"product","link":"https:\/\/testeo-criollo.desarrollobirdcom.es\/ca\/producto\/alta-seleccio\/","title":{"rendered":"Alta Selecci\u00f3"},"content":{"rendered":"<p>Una selecci\u00f3 i combinaci\u00f3 de caf\u00e8s Ar\u00e0biga i Robusta d&#8217;alta qualitat, amb el qual vam aconseguir aquest caf\u00e8 amb personalitat pr\u00f2pia de gran aroma i sabor.<\/p>\n<p>Aquestes c\u00e0psules estan pensades per treballar amb la m\u00e0xima efici\u00e8ncia en les m\u00e0quines de distribuci\u00f3<strong> Lavazza<sup> \u00ae<\/sup> espresso Point<\/strong> d&#8217;\u00fas dom\u00e8stic. Utilitza com a sistema de tancament superior de pl\u00e0stic perforat.<\/p>\n","protected":false},"excerpt":{"rendered":"<p>Assaboreix la nostra selecci\u00f3 i combinaci\u00f3 de caf\u00e8s Ar\u00e0biga i Robusta d&#8217;alta qualitat, amb el que gaudir\u00e0s d&#8217;aquest caf\u00e8 amb personalitat pr\u00f2pia de gran aroma i sabor.<\/p>\n","protected":false},"featured_media":21197,"comment_status":"open","ping_status":"closed","template":"","meta":[],"product_cat":[70,82],"product_tag":[141],"sabores":[],"_links":{"self":[{"href":"https:\/\/testeo-criollo.desarrollobirdcom.es\/ca\/wp-json\/wp\/v2\/product\/21196"}],"collection":[{"href":"https:\/\/testeo-criollo.desarrollobirdcom.es\/ca\/wp-json\/wp\/v2\/product"}],"about":[{"href":"https:\/\/testeo-criollo.desarrollobirdcom.es\/ca\/wp-json\/wp\/v2\/types\/product"}],"replies":[{"embeddable":true,"href":"https:\/\/testeo-criollo.desarrollobirdcom.es\/ca\/wp-json\/wp\/v2\/comments?post=21196"}],"version-history":[{"count":0,"href":"https:\/\/testeo-criollo.desarrollobirdcom.es\/ca\/wp-json\/wp\/v2\/product\/21196\/revisions"}],"wp:featuredmedia":[{"embeddable":true,"href":"https:\/\/testeo-criollo.desarrollobirdcom.es\/ca\/wp-json\/wp\/v2\/media\/21197"}],"wp:attachment":[{"href":"https:\/\/testeo-criollo.desarrollobirdcom.es\/ca\/wp-json\/wp\/v2\/media?parent=21196"}],"wp:term":[{"taxonomy":"product_cat","embeddable":true,"href":"https:\/\/testeo-criollo.desarrollobirdcom.es\/ca\/wp-json\/wp\/v2\/product_cat?post=21196"},{"taxonomy":"product_tag","embeddable":true,"href":"https:\/\/testeo-criollo.desarrollobirdcom.es\/ca\/wp-json\/wp\/v2\/product_tag?post=21196"},{"taxonomy":"sabores","embeddable":true,"href":"https:\/\/testeo-criollo.desarrollobirdcom.es\/ca\/wp-json\/wp\/v2\/sabores?post=21196"}],"curies":[{"name":"wp","href":"https:\/\/api.w.org\/{rel}","templated":true}]}}