{"id":21215,"date":"2020-03-02T14:33:29","date_gmt":"2020-03-02T14:33:29","guid":{"rendered":"https:\/\/testeo-criollo.desarrollobirdcom.es\/producto\/etiopia-limu-2\/"},"modified":"2022-07-27T13:14:58","modified_gmt":"2022-07-27T11:14:58","slug":"etiopia-limu-2","status":"publish","type":"product","link":"https:\/\/testeo-criollo.desarrollobirdcom.es\/ca\/producto\/etiopia-limu-2\/","title":{"rendered":"Eti\u00f2pia limu"},"content":{"rendered":"<p>el<strong> Caf\u00e8 d&#8217;Especialitat d&#8217;Eti\u00f2pia<\/strong> \u00e9s senzillament \u00fanic i natural perqu\u00e8, segons asseguren, el seu llegat gen\u00e8tic ha rom\u00e0s intacte al llarg dels segles, el que fa d&#8217;Eti\u00f2pia un productor de caf\u00e8 majorit\u00e0riament org\u00e0nic (el 95% de la producci\u00f3 es d\u00f3na en els &#8220;Garden Coffee&#8221; i &#8220;Forest Coffee&#8221; i nom\u00e9s el 5% restant en plantacions).<\/p>\n<p>Hi ha difer\u00e8ncies molt acusades en els caf\u00e8s de cada regi\u00f3 geogr\u00e0fica d&#8217;Eti\u00f2pia. La zona oest de pa\u00eds representa al voltant de l&#8217;46% de la producci\u00f3 de caf\u00e8 d&#8217;Eti\u00f2pia, en la qual es troba la regi\u00f3 de Djmmah. Limu, a m\u00e9s de l&#8217;\u00e0rea m\u00e9s extensa dins de Djmmah, \u00e9s una varietat de caf\u00e8 desconeguda per a molts,<b> el sabor \u00e9s molt diferent de la varietat de caf\u00e8 Djmmah<\/b> , Apreciat fonamentalment per la seva alta acidesa.<\/p>\n<p>El potencial en la qualitat \u00e9s enorme i alguns d&#8217;aquests grans, com els de la varietat limu, tenen grans atributs que no es troben en altres pa\u00efsos.<\/p>\n","protected":false},"excerpt":{"rendered":"<p>El Caf\u00e8 de Especialitat d&#8217;Eti\u00f2pia et captivar\u00e0 per la seva autenticitat i naturalitat, amb un cos vellutat i una acidesa viva i agradable.<\/p>\n","protected":false},"featured_media":20670,"comment_status":"open","ping_status":"closed","template":"","meta":[],"product_cat":[70,71,69],"product_tag":[141],"sabores":[72,73,92],"_links":{"self":[{"href":"https:\/\/testeo-criollo.desarrollobirdcom.es\/ca\/wp-json\/wp\/v2\/product\/21215"}],"collection":[{"href":"https:\/\/testeo-criollo.desarrollobirdcom.es\/ca\/wp-json\/wp\/v2\/product"}],"about":[{"href":"https:\/\/testeo-criollo.desarrollobirdcom.es\/ca\/wp-json\/wp\/v2\/types\/product"}],"replies":[{"embeddable":true,"href":"https:\/\/testeo-criollo.desarrollobirdcom.es\/ca\/wp-json\/wp\/v2\/comments?post=21215"}],"version-history":[{"count":0,"href":"https:\/\/testeo-criollo.desarrollobirdcom.es\/ca\/wp-json\/wp\/v2\/product\/21215\/revisions"}],"wp:featuredmedia":[{"embeddable":true,"href":"https:\/\/testeo-criollo.desarrollobirdcom.es\/ca\/wp-json\/wp\/v2\/media\/20670"}],"wp:attachment":[{"href":"https:\/\/testeo-criollo.desarrollobirdcom.es\/ca\/wp-json\/wp\/v2\/media?parent=21215"}],"wp:term":[{"taxonomy":"product_cat","embeddable":true,"href":"https:\/\/testeo-criollo.desarrollobirdcom.es\/ca\/wp-json\/wp\/v2\/product_cat?post=21215"},{"taxonomy":"product_tag","embeddable":true,"href":"https:\/\/testeo-criollo.desarrollobirdcom.es\/ca\/wp-json\/wp\/v2\/product_tag?post=21215"},{"taxonomy":"sabores","embeddable":true,"href":"https:\/\/testeo-criollo.desarrollobirdcom.es\/ca\/wp-json\/wp\/v2\/sabores?post=21215"}],"curies":[{"name":"wp","href":"https:\/\/api.w.org\/{rel}","templated":true}]}}